{"id":2,"date":"2025-06-02T18:09:13","date_gmt":"2025-06-02T16:09:13","guid":{"rendered":"https:\/\/arhammar.online\/?page_id=2"},"modified":"2026-01-06T15:05:01","modified_gmt":"2026-01-06T14:05:01","slug":"exempelsida","status":"publish","type":"page","link":"https:\/\/arhammar.online\/","title":{"rendered":"Arhammar Online"},"content":{"rendered":"<div class=\"et_pb_section_0 et_pb_section et_section_regular et_block_section\">\n<div class=\"et_pb_row_0 et_pb_row et_block_row\">\n<div class=\"et_pb_column_0 et_pb_column et_pb_column_4_4 et-last-child et_block_column et_pb_css_mix_blend_mode_passthrough\">\n<div class=\"et_pb_text_0 et_pb_text et_pb_bg_layout_light et_pb_module et_flex_module\"><div class=\"et_pb_text_inner\"><p style=\"text-align: center;\"><strong>Alla de h\u00e4r sidorna som administreras av mig, hittar du p\u00e5 n\u00e4tet.<\/strong><\/p>\n<\/div><\/div>\n\n<div class=\"et_pb_text_1 et_pb_text et_pb_bg_layout_light et_clickable et_pb_module et_flex_module\"><div class=\"et_pb_text_inner\"><h1 style=\"text-align: center;\"><strong>Anders Arhammars blog<\/strong><\/h1>\n<\/div>\n<div class=\"et_pb_code_0 et_pb_code et_pb_module\"><div class=\"et_pb_code_inner\">\t<iframe loading=\"lazy\" src=\"https:\/\/www.arhammar.se\/blog\" width=\"100%\" height=\"800\" style=\"border:none;\"><\/iframe><\/div><\/div>\n<\/div>\n\n<div class=\"et_pb_divider_0 et_pb_divider et_pb_space et_pb_divider_position_top et_pb_module\"><div class=\"et_pb_divider_internal\"><\/div><\/div>\n\n<div class=\"et_pb_text_2 et_pb_text et_pb_bg_layout_light et_pb_module et_flex_module\"><div class=\"et_pb_text_inner\"><h1 style=\"text-align: center;\"><strong>AP-F\u00f6rlaget<\/strong><\/h1>\n<\/div><\/div>\n\n<div class=\"et_pb_code_1 et_pb_code et_pb_module\"><div class=\"et_pb_code_inner\">\t<iframe loading=\"lazy\" src=\"https:\/\/www.apforlaget.se\" width=\"100%\" height=\"800\" style=\"border:none;\"><\/iframe><\/div><\/div>\n\n<div class=\"et_pb_divider_1 et_pb_divider et_pb_space et_pb_divider_position_top et_pb_module\"><div class=\"et_pb_divider_internal\"><\/div><\/div>\n<\/div>\n<\/div>\n<\/div>\n\n<div class=\"et_pb_section_1 et_pb_section et_section_regular et_block_section\">\n<div class=\"et_pb_row_1 et_pb_row et_block_row\">\n<div class=\"et_pb_column_1 et_pb_column et_pb_column_4_4 et-last-child et_block_column et_pb_css_mix_blend_mode_passthrough\">\n<div class=\"et_pb_text_3 et_pb_text et_pb_bg_layout_light et_clickable et_pb_module et_flex_module\"><div class=\"et_pb_text_inner\"><h1 style=\"text-align: center;\"><strong>Norra Begravningsplatsen<\/strong><\/h1>\n<\/div><\/div>\n\n<div class=\"et_pb_code_2 et_pb_code et_pb_module\"><div class=\"et_pb_code_inner\">\t<iframe loading=\"lazy\" src=\"https:\/\/www.norrabegravningsplatsen.se\" width=\"100%\" height=\"800\" style=\"border:none;\"><\/iframe><\/div><\/div>\n\n<div class=\"et_pb_divider_2 et_pb_divider et_pb_space et_pb_divider_position_top et_pb_module\"><div class=\"et_pb_divider_internal\"><\/div><\/div>\n\n<div class=\"et_pb_text_4 et_pb_text et_pb_bg_layout_light et_clickable et_pb_module et_flex_module\"><div class=\"et_pb_text_inner\"><h1 style=\"text-align: center;\"><strong>Arhammar EU<\/strong><\/h1>\n<\/div><\/div>\n\n<div class=\"et_pb_code_3 et_pb_code et_pb_module\"><div class=\"et_pb_code_inner\">\t<iframe loading=\"lazy\" src=\"https:\/\/www.arhammar.eu\" width=\"100%\" height=\"800\" style=\"border:none;\"><\/iframe><\/div><\/div>\n\n<div class=\"et_pb_divider_3 et_pb_divider et_pb_space et_pb_divider_position_top et_pb_module\"><div class=\"et_pb_divider_internal\"><\/div><\/div>\n\n<div class=\"et_pb_text_5 et_pb_text et_pb_bg_layout_light et_clickable et_pb_module et_flex_module\"><div class=\"et_pb_text_inner\"><h1 style=\"text-align: center;\"><strong>Svenska FDC-s\u00e4llskapet<\/strong><\/h1>\n<\/div><\/div>\n\n<div class=\"et_pb_code_4 et_pb_code et_pb_module\"><div class=\"et_pb_code_inner\">\t<iframe loading=\"lazy\" src=\"https:\/\/www.svenskafdc.se\" width=\"100%\" height=\"800\" style=\"border:none;\"><\/iframe><\/div><\/div>\n\n<div class=\"et_pb_divider_4 et_pb_divider et_pb_space et_pb_divider_position_top et_pb_module\"><div class=\"et_pb_divider_internal\"><\/div><\/div>\n<\/div>\n<\/div>\n<\/div>","protected":false},"excerpt":{"rendered":"","protected":false},"author":1,"featured_media":0,"parent":0,"menu_order":0,"comment_status":"closed","ping_status":"open","template":"","meta":{"footnotes":""},"class_list":["post-2","page","type-page","status-publish","hentry"],"_links":{"self":[{"href":"https:\/\/arhammar.online\/index.php\/wp-json\/wp\/v2\/pages\/2","targetHints":{"allow":["GET"]}}],"collection":[{"href":"https:\/\/arhammar.online\/index.php\/wp-json\/wp\/v2\/pages"}],"about":[{"href":"https:\/\/arhammar.online\/index.php\/wp-json\/wp\/v2\/types\/page"}],"author":[{"embeddable":true,"href":"https:\/\/arhammar.online\/index.php\/wp-json\/wp\/v2\/users\/1"}],"replies":[{"embeddable":true,"href":"https:\/\/arhammar.online\/index.php\/wp-json\/wp\/v2\/comments?post=2"}],"version-history":[{"count":16,"href":"https:\/\/arhammar.online\/index.php\/wp-json\/wp\/v2\/pages\/2\/revisions"}],"predecessor-version":[{"id":228264,"href":"https:\/\/arhammar.online\/index.php\/wp-json\/wp\/v2\/pages\/2\/revisions\/228264"}],"wp:attachment":[{"href":"https:\/\/arhammar.online\/index.php\/wp-json\/wp\/v2\/media?parent=2"}],"curies":[{"name":"wp","href":"https:\/\/api.w.org\/{rel}","templated":true}]}}